{"id":136051,"date":"2022-06-10T11:28:21","date_gmt":"2022-06-10T11:28:21","guid":{"rendered":"https:\/\/www.dev.gabrielenascimben.it\/lasvermudas\/?post_type=product&#038;p=136051"},"modified":"2024-09-10T22:01:37","modified_gmt":"2024-09-10T22:01:37","slug":"vermut-reserva-el-consul","status":"publish","type":"product","link":"https:\/\/www.lasvermudas.com\/en\/product\/vermut-reserva-el-consul\/","title":{"rendered":"Vermut Reserva El Co\u0301nsul"},"content":{"rendered":"<div class=\"heading-text el-text\">\n<h3>NOTA DE CATA<\/h3>\n<\/div>\n<div class=\"uncode_text_column\">\n<p><strong>Tipo:<\/strong>\u00a0Vermut Rojo Premium<br \/>\n<strong>Uva:<\/strong>\u00a0Zalema y Pedro Xim\u00e9nez<br \/>\n<strong>Envejecimiento:<\/strong>\u00a0Crianza en sistema solera<br \/>\n<strong>Presentaci\u00f3n:<\/strong>\u00a0Botella 70 cl<br \/>\n<strong>Graduaci\u00f3n alcoh\u00f3lica:<\/strong>\u00a015%<br \/>\n<strong>Perfect Serve:<\/strong>\u00a0como aperitivo, fr\u00edo y con una piel de naranja.<\/p>\n<p><strong>VISTA:<\/strong>\u00a0color caoba y reflejos \u00e1mbar.<\/p>\n<p><strong>NARIZ:<\/strong>\u00a0aroma complejo y armonioso, una sinfon\u00eda de esencias florales y toques herb\u00e1ceos, con recuerdos de fruta madura y notas c\u00edtricas que se entrelazan finamente sobre un suave fondo de madera.<\/p>\n<p><strong>BOCA<\/strong>: sabroso y aterciopelado al paladar. Su paso en boca despierta complejos tonos herb\u00e1ceos y especiados. Sus dulces notas frutales se armonizan sorprendentemente con los toques amargos de un soberbio final de boca quinado, denso y elegante.<\/p>\n<\/div>\n","protected":false},"excerpt":{"rendered":"<div class=\"heading-text el-text\">\n<h4 class=\"h3 fontspace-111509 font-weight-300\">Se\u00f1oras y Se\u00f1ores: el C\u00f3nsul de Las Vermudas<\/h4>\n<\/div>\n<div class=\"uncode_text_column\">\n<p>Nacido bajo el sol de las costas Andaluzas, sus padres Zalema y Pedro Ximenez marcaron el car\u00e1cter pasional de este vermut.<\/p>\n<p>Despu\u00e9s de infusionarse con m\u00e1s de 30 hierbas seleccionadas, este elixir ha madurado equilibradamente en barricas de roble americano hasta ganarse, gracias a su alma compleja y armoniosa, un prestigioso cargo en la Delegaci\u00f3n Oficial de Las Vermudas<\/p>\n<\/div>\n","protected":false},"featured_media":136052,"comment_status":"open","ping_status":"closed","template":"","meta":[],"product_brand":[],"product_cat":[151],"product_tag":[],"class_list":{"0":"post-136051","1":"product","2":"type-product","3":"status-publish","4":"has-post-thumbnail","6":"product_cat-vermut","7":"description-off","9":"first","10":"outofstock","11":"shipping-taxable","12":"purchasable","13":"product-type-simple"},"acf":[],"yoast_head":"<!-- This site is optimized with the Yoast SEO plugin v27.3 - https:\/\/yoast.com\/product\/yoast-seo-wordpress\/ -->\n<title>Vermut Reserva El Co\u0301nsul - Las Vermudas<\/title>\n<meta name=\"robots\" content=\"noindex, follow\" \/>\n<meta property=\"og:locale\" content=\"en_US\" \/>\n<meta property=\"og:type\" content=\"article\" \/>\n<meta property=\"og:title\" content=\"Vermut Reserva El Co\u0301nsul - Las Vermudas\" \/>\n<meta property=\"og:description\" content=\"Se\u00f1oras y Se\u00f1ores: el C\u00f3nsul de Las Vermudas    Nacido bajo el sol de las costas Andaluzas, sus padres Zalema y Pedro Ximenez marcaron el car\u00e1cter pasional de este vermut.  Despu\u00e9s de infusionarse con m\u00e1s de 30 hierbas seleccionadas, este elixir ha madurado equilibradamente en barricas de roble americano hasta ganarse, gracias a su alma compleja y armoniosa, un prestigioso cargo en la Delegaci\u00f3n Oficial de Las Vermudas\" \/>\n<meta property=\"og:url\" content=\"https:\/\/www.lasvermudas.com\/en\/product\/vermut-reserva-el-consul\/\" \/>\n<meta property=\"og:site_name\" content=\"Las Vermudas\" \/>\n<meta property=\"article:modified_time\" content=\"2024-09-10T22:01:37+00:00\" \/>\n<meta property=\"og:image\" content=\"https:\/\/www.lasvermudas.com\/wp-content\/uploads\/2024\/09\/DSC08381-e1610298433961.jpg\" \/>\n\t<meta property=\"og:image:width\" content=\"600\" \/>\n\t<meta property=\"og:image:height\" content=\"600\" \/>\n\t<meta property=\"og:image:type\" content=\"image\/jpeg\" \/>\n<meta name=\"twitter:card\" content=\"summary_large_image\" \/>\n<meta name=\"twitter:label1\" content=\"Est. reading time\" \/>\n\t<meta name=\"twitter:data1\" content=\"1 minute\" \/>\n<script type=\"application\/ld+json\" class=\"yoast-schema-graph\">{\"@context\":\"https:\\\/\\\/schema.org\",\"@graph\":[{\"@type\":\"WebPage\",\"@id\":\"https:\\\/\\\/www.lasvermudas.com\\\/en\\\/product\\\/vermut-reserva-el-consul\\\/\",\"url\":\"https:\\\/\\\/www.lasvermudas.com\\\/en\\\/product\\\/vermut-reserva-el-consul\\\/\",\"name\":\"Vermut Reserva El Co\u0301nsul - Las Vermudas\",\"isPartOf\":{\"@id\":\"https:\\\/\\\/www.lasvermudas.com\\\/en\\\/#website\"},\"primaryImageOfPage\":{\"@id\":\"https:\\\/\\\/www.lasvermudas.com\\\/en\\\/product\\\/vermut-reserva-el-consul\\\/#primaryimage\"},\"image\":{\"@id\":\"https:\\\/\\\/www.lasvermudas.com\\\/en\\\/product\\\/vermut-reserva-el-consul\\\/#primaryimage\"},\"thumbnailUrl\":\"https:\\\/\\\/www.lasvermudas.com\\\/wp-content\\\/uploads\\\/2024\\\/09\\\/DSC08381-e1610298433961.jpg\",\"datePublished\":\"2022-06-10T11:28:21+00:00\",\"dateModified\":\"2024-09-10T22:01:37+00:00\",\"breadcrumb\":{\"@id\":\"https:\\\/\\\/www.lasvermudas.com\\\/en\\\/product\\\/vermut-reserva-el-consul\\\/#breadcrumb\"},\"inLanguage\":\"en-US\",\"potentialAction\":[{\"@type\":\"ReadAction\",\"target\":[\"https:\\\/\\\/www.lasvermudas.com\\\/en\\\/product\\\/vermut-reserva-el-consul\\\/\"]}]},{\"@type\":\"ImageObject\",\"inLanguage\":\"en-US\",\"@id\":\"https:\\\/\\\/www.lasvermudas.com\\\/en\\\/product\\\/vermut-reserva-el-consul\\\/#primaryimage\",\"url\":\"https:\\\/\\\/www.lasvermudas.com\\\/wp-content\\\/uploads\\\/2024\\\/09\\\/DSC08381-e1610298433961.jpg\",\"contentUrl\":\"https:\\\/\\\/www.lasvermudas.com\\\/wp-content\\\/uploads\\\/2024\\\/09\\\/DSC08381-e1610298433961.jpg\",\"width\":600,\"height\":600},{\"@type\":\"BreadcrumbList\",\"@id\":\"https:\\\/\\\/www.lasvermudas.com\\\/en\\\/product\\\/vermut-reserva-el-consul\\\/#breadcrumb\",\"itemListElement\":[{\"@type\":\"ListItem\",\"position\":1,\"name\":\"Home\",\"item\":\"https:\\\/\\\/www.lasvermudas.com\\\/en\\\/\"},{\"@type\":\"ListItem\",\"position\":2,\"name\":\"Shop\",\"item\":\"https:\\\/\\\/www.lasvermudas.com\\\/?page_id=5467\"},{\"@type\":\"ListItem\",\"position\":3,\"name\":\"Vermut Reserva El Co\u0301nsul\"}]},{\"@type\":\"WebSite\",\"@id\":\"https:\\\/\\\/www.lasvermudas.com\\\/en\\\/#website\",\"url\":\"https:\\\/\\\/www.lasvermudas.com\\\/en\\\/\",\"name\":\"Las Vermudas\",\"description\":\"Vermuter&iacute;as en Barcelona y Experiencias de elaboraci&oacute;n del Vermut\",\"publisher\":{\"@id\":\"https:\\\/\\\/www.lasvermudas.com\\\/en\\\/#organization\"},\"potentialAction\":[{\"@type\":\"SearchAction\",\"target\":{\"@type\":\"EntryPoint\",\"urlTemplate\":\"https:\\\/\\\/www.lasvermudas.com\\\/en\\\/?s={search_term_string}\"},\"query-input\":{\"@type\":\"PropertyValueSpecification\",\"valueRequired\":true,\"valueName\":\"search_term_string\"}}],\"inLanguage\":\"en-US\"},{\"@type\":\"Organization\",\"@id\":\"https:\\\/\\\/www.lasvermudas.com\\\/en\\\/#organization\",\"name\":\"Las Vermudas\",\"url\":\"https:\\\/\\\/www.lasvermudas.com\\\/en\\\/\",\"logo\":{\"@type\":\"ImageObject\",\"inLanguage\":\"en-US\",\"@id\":\"https:\\\/\\\/www.lasvermudas.com\\\/en\\\/#\\\/schema\\\/logo\\\/image\\\/\",\"url\":\"https:\\\/\\\/www.lasvermudas.com\\\/wp-content\\\/uploads\\\/2024\\\/09\\\/Logotype_Las-Vermudas_white-200x44-1.png\",\"contentUrl\":\"https:\\\/\\\/www.lasvermudas.com\\\/wp-content\\\/uploads\\\/2024\\\/09\\\/Logotype_Las-Vermudas_white-200x44-1.png\",\"width\":200,\"height\":44,\"caption\":\"Las Vermudas\"},\"image\":{\"@id\":\"https:\\\/\\\/www.lasvermudas.com\\\/en\\\/#\\\/schema\\\/logo\\\/image\\\/\"}}]}<\/script>\n<!-- \/ Yoast SEO plugin. -->","yoast_head_json":{"title":"Vermut Reserva El Co\u0301nsul - Las Vermudas","robots":{"index":"noindex","follow":"follow"},"og_locale":"en_US","og_type":"article","og_title":"Vermut Reserva El Co\u0301nsul - Las Vermudas","og_description":"Se\u00f1oras y Se\u00f1ores: el C\u00f3nsul de Las Vermudas    Nacido bajo el sol de las costas Andaluzas, sus padres Zalema y Pedro Ximenez marcaron el car\u00e1cter pasional de este vermut.  Despu\u00e9s de infusionarse con m\u00e1s de 30 hierbas seleccionadas, este elixir ha madurado equilibradamente en barricas de roble americano hasta ganarse, gracias a su alma compleja y armoniosa, un prestigioso cargo en la Delegaci\u00f3n Oficial de Las Vermudas","og_url":"https:\/\/www.lasvermudas.com\/en\/product\/vermut-reserva-el-consul\/","og_site_name":"Las Vermudas","article_modified_time":"2024-09-10T22:01:37+00:00","og_image":[{"width":600,"height":600,"url":"https:\/\/www.lasvermudas.com\/wp-content\/uploads\/2024\/09\/DSC08381-e1610298433961.jpg","type":"image\/jpeg"}],"twitter_card":"summary_large_image","twitter_misc":{"Est. reading time":"1 minute"},"schema":{"@context":"https:\/\/schema.org","@graph":[{"@type":"WebPage","@id":"https:\/\/www.lasvermudas.com\/en\/product\/vermut-reserva-el-consul\/","url":"https:\/\/www.lasvermudas.com\/en\/product\/vermut-reserva-el-consul\/","name":"Vermut Reserva El Co\u0301nsul - Las Vermudas","isPartOf":{"@id":"https:\/\/www.lasvermudas.com\/en\/#website"},"primaryImageOfPage":{"@id":"https:\/\/www.lasvermudas.com\/en\/product\/vermut-reserva-el-consul\/#primaryimage"},"image":{"@id":"https:\/\/www.lasvermudas.com\/en\/product\/vermut-reserva-el-consul\/#primaryimage"},"thumbnailUrl":"https:\/\/www.lasvermudas.com\/wp-content\/uploads\/2024\/09\/DSC08381-e1610298433961.jpg","datePublished":"2022-06-10T11:28:21+00:00","dateModified":"2024-09-10T22:01:37+00:00","breadcrumb":{"@id":"https:\/\/www.lasvermudas.com\/en\/product\/vermut-reserva-el-consul\/#breadcrumb"},"inLanguage":"en-US","potentialAction":[{"@type":"ReadAction","target":["https:\/\/www.lasvermudas.com\/en\/product\/vermut-reserva-el-consul\/"]}]},{"@type":"ImageObject","inLanguage":"en-US","@id":"https:\/\/www.lasvermudas.com\/en\/product\/vermut-reserva-el-consul\/#primaryimage","url":"https:\/\/www.lasvermudas.com\/wp-content\/uploads\/2024\/09\/DSC08381-e1610298433961.jpg","contentUrl":"https:\/\/www.lasvermudas.com\/wp-content\/uploads\/2024\/09\/DSC08381-e1610298433961.jpg","width":600,"height":600},{"@type":"BreadcrumbList","@id":"https:\/\/www.lasvermudas.com\/en\/product\/vermut-reserva-el-consul\/#breadcrumb","itemListElement":[{"@type":"ListItem","position":1,"name":"Home","item":"https:\/\/www.lasvermudas.com\/en\/"},{"@type":"ListItem","position":2,"name":"Shop","item":"https:\/\/www.lasvermudas.com\/?page_id=5467"},{"@type":"ListItem","position":3,"name":"Vermut Reserva El Co\u0301nsul"}]},{"@type":"WebSite","@id":"https:\/\/www.lasvermudas.com\/en\/#website","url":"https:\/\/www.lasvermudas.com\/en\/","name":"Las Vermudas","description":"Vermuter&iacute;as en Barcelona y Experiencias de elaboraci&oacute;n del Vermut","publisher":{"@id":"https:\/\/www.lasvermudas.com\/en\/#organization"},"potentialAction":[{"@type":"SearchAction","target":{"@type":"EntryPoint","urlTemplate":"https:\/\/www.lasvermudas.com\/en\/?s={search_term_string}"},"query-input":{"@type":"PropertyValueSpecification","valueRequired":true,"valueName":"search_term_string"}}],"inLanguage":"en-US"},{"@type":"Organization","@id":"https:\/\/www.lasvermudas.com\/en\/#organization","name":"Las Vermudas","url":"https:\/\/www.lasvermudas.com\/en\/","logo":{"@type":"ImageObject","inLanguage":"en-US","@id":"https:\/\/www.lasvermudas.com\/en\/#\/schema\/logo\/image\/","url":"https:\/\/www.lasvermudas.com\/wp-content\/uploads\/2024\/09\/Logotype_Las-Vermudas_white-200x44-1.png","contentUrl":"https:\/\/www.lasvermudas.com\/wp-content\/uploads\/2024\/09\/Logotype_Las-Vermudas_white-200x44-1.png","width":200,"height":44,"caption":"Las Vermudas"},"image":{"@id":"https:\/\/www.lasvermudas.com\/en\/#\/schema\/logo\/image\/"}}]}},"_links":{"self":[{"href":"https:\/\/www.lasvermudas.com\/en\/wp-json\/wp\/v2\/product\/136051","targetHints":{"allow":["GET"]}}],"collection":[{"href":"https:\/\/www.lasvermudas.com\/en\/wp-json\/wp\/v2\/product"}],"about":[{"href":"https:\/\/www.lasvermudas.com\/en\/wp-json\/wp\/v2\/types\/product"}],"replies":[{"embeddable":true,"href":"https:\/\/www.lasvermudas.com\/en\/wp-json\/wp\/v2\/comments?post=136051"}],"wp:featuredmedia":[{"embeddable":true,"href":"https:\/\/www.lasvermudas.com\/en\/wp-json\/wp\/v2\/media\/136052"}],"wp:attachment":[{"href":"https:\/\/www.lasvermudas.com\/en\/wp-json\/wp\/v2\/media?parent=136051"}],"wp:term":[{"taxonomy":"product_brand","embeddable":true,"href":"https:\/\/www.lasvermudas.com\/en\/wp-json\/wp\/v2\/product_brand?post=136051"},{"taxonomy":"product_cat","embeddable":true,"href":"https:\/\/www.lasvermudas.com\/en\/wp-json\/wp\/v2\/product_cat?post=136051"},{"taxonomy":"product_tag","embeddable":true,"href":"https:\/\/www.lasvermudas.com\/en\/wp-json\/wp\/v2\/product_tag?post=136051"}],"curies":[{"name":"wp","href":"https:\/\/api.w.org\/{rel}","templated":true}]}}