{"id":266,"date":"2022-06-27T11:30:32","date_gmt":"2022-06-27T11:30:32","guid":{"rendered":"https:\/\/www.dev.gabrielenascimben.it\/lasvermudas\/?post_type=product&#038;p=266"},"modified":"2024-09-10T22:01:37","modified_gmt":"2024-09-10T22:01:37","slug":"vermut-caliente-de-las-vermudas","status":"publish","type":"product","link":"https:\/\/www.lasvermudas.com\/en\/product\/vermut-caliente-de-las-vermudas\/","title":{"rendered":"Vermut caliente de Las Vermudas"},"content":{"rendered":"","protected":false},"excerpt":{"rendered":"<h3>\u00bfFr\u00edo? \u00a1Vermut Caliente!<\/h3>\n<p><strong>Vermut caliente<\/strong>: \u00bfCurioso verdad? El origen del vino caliente remonta al siglo II. Fue creado por los romanos que calentaban vino para defenderse del fr\u00edo invernal. En el d\u00eda de hoy, el vino caliente sigue siendo una tradici\u00f3n navide\u00f1a, renovada por Las Vermudas: nuestro novedoso vermut caliente se prepara con una base de vermut dulce infusionado con especias y almendras. Se sirve, preferentemente, a 60\u00b0 para potenciar sus aromas (y evitar que se evapore el alcohol).<\/p>\n<p>Es una opci\u00f3n ideal para tomar solo, maridar con quesos (especialmente con queso azul), como aperitivo o para servir al final de una comida, con los postres o galletas de jengibre.<\/p>\n<ul>\n<li><strong>Graduaci\u00f3n alcoh\u00f3lica<\/strong>: 15%<\/li>\n<li><strong>Presentaci\u00f3n<\/strong>: Botella de 75cl<\/li>\n<\/ul>\n","protected":false},"featured_media":136053,"comment_status":"open","ping_status":"closed","template":"","meta":[],"product_brand":[],"product_cat":[151],"product_tag":[],"class_list":{"0":"post-266","1":"product","2":"type-product","3":"status-publish","4":"has-post-thumbnail","6":"product_cat-vermut","7":"description-off","9":"first","10":"instock","11":"shipping-taxable","12":"purchasable","13":"product-type-simple"},"acf":[],"yoast_head":"<!-- This site is optimized with the Yoast SEO plugin v27.3 - https:\/\/yoast.com\/product\/yoast-seo-wordpress\/ -->\n<title>Vermut caliente de Las Vermudas - Las Vermudas<\/title>\n<meta name=\"robots\" content=\"noindex, follow\" \/>\n<meta property=\"og:locale\" content=\"en_US\" \/>\n<meta property=\"og:type\" content=\"article\" \/>\n<meta property=\"og:title\" content=\"Vermut caliente de Las Vermudas - Las Vermudas\" \/>\n<meta property=\"og:description\" content=\"\u00bfFr\u00edo? \u00a1Vermut Caliente! Vermut caliente: \u00bfCurioso verdad? El origen del vino caliente remonta al siglo II. Fue creado por los romanos que calentaban vino para defenderse del fr\u00edo invernal. En el d\u00eda de hoy, el vino caliente sigue siendo una tradici\u00f3n navide\u00f1a, renovada por Las Vermudas: nuestro novedoso vermut caliente se prepara con una base de vermut dulce infusionado con especias y almendras. Se sirve, preferentemente, a 60\u00b0 para potenciar sus aromas (y evitar que se evapore el alcohol).  Es una opci\u00f3n ideal para tomar solo, maridar con quesos (especialmente con queso azul), como aperitivo o para servir al final de una comida, con los postres o galletas de jengibre.   Graduaci\u00f3n alcoh\u00f3lica: 15%  Presentaci\u00f3n: Botella de 75cl\" \/>\n<meta property=\"og:url\" content=\"https:\/\/www.lasvermudas.com\/en\/product\/vermut-caliente-de-las-vermudas\/\" \/>\n<meta property=\"og:site_name\" content=\"Las Vermudas\" \/>\n<meta property=\"article:modified_time\" content=\"2024-09-10T22:01:37+00:00\" \/>\n<meta property=\"og:image\" content=\"https:\/\/www.lasvermudas.com\/wp-content\/uploads\/2024\/09\/Vermut-caliente-de-Las-Vermudas.jpg\" \/>\n\t<meta property=\"og:image:width\" content=\"800\" \/>\n\t<meta property=\"og:image:height\" content=\"800\" \/>\n\t<meta property=\"og:image:type\" content=\"image\/jpeg\" \/>\n<meta name=\"twitter:card\" content=\"summary_large_image\" \/>\n<script type=\"application\/ld+json\" class=\"yoast-schema-graph\">{\"@context\":\"https:\\\/\\\/schema.org\",\"@graph\":[{\"@type\":\"WebPage\",\"@id\":\"https:\\\/\\\/www.lasvermudas.com\\\/en\\\/product\\\/vermut-caliente-de-las-vermudas\\\/\",\"url\":\"https:\\\/\\\/www.lasvermudas.com\\\/en\\\/product\\\/vermut-caliente-de-las-vermudas\\\/\",\"name\":\"Vermut caliente de Las Vermudas - Las Vermudas\",\"isPartOf\":{\"@id\":\"https:\\\/\\\/www.lasvermudas.com\\\/en\\\/#website\"},\"primaryImageOfPage\":{\"@id\":\"https:\\\/\\\/www.lasvermudas.com\\\/en\\\/product\\\/vermut-caliente-de-las-vermudas\\\/#primaryimage\"},\"image\":{\"@id\":\"https:\\\/\\\/www.lasvermudas.com\\\/en\\\/product\\\/vermut-caliente-de-las-vermudas\\\/#primaryimage\"},\"thumbnailUrl\":\"https:\\\/\\\/www.lasvermudas.com\\\/wp-content\\\/uploads\\\/2024\\\/09\\\/Vermut-caliente-de-Las-Vermudas.jpg\",\"datePublished\":\"2022-06-27T11:30:32+00:00\",\"dateModified\":\"2024-09-10T22:01:37+00:00\",\"breadcrumb\":{\"@id\":\"https:\\\/\\\/www.lasvermudas.com\\\/en\\\/product\\\/vermut-caliente-de-las-vermudas\\\/#breadcrumb\"},\"inLanguage\":\"en-US\",\"potentialAction\":[{\"@type\":\"ReadAction\",\"target\":[\"https:\\\/\\\/www.lasvermudas.com\\\/en\\\/product\\\/vermut-caliente-de-las-vermudas\\\/\"]}]},{\"@type\":\"ImageObject\",\"inLanguage\":\"en-US\",\"@id\":\"https:\\\/\\\/www.lasvermudas.com\\\/en\\\/product\\\/vermut-caliente-de-las-vermudas\\\/#primaryimage\",\"url\":\"https:\\\/\\\/www.lasvermudas.com\\\/wp-content\\\/uploads\\\/2024\\\/09\\\/Vermut-caliente-de-Las-Vermudas.jpg\",\"contentUrl\":\"https:\\\/\\\/www.lasvermudas.com\\\/wp-content\\\/uploads\\\/2024\\\/09\\\/Vermut-caliente-de-Las-Vermudas.jpg\",\"width\":800,\"height\":800,\"caption\":\"Botella de Vermut caliente de Las Vermudas\"},{\"@type\":\"BreadcrumbList\",\"@id\":\"https:\\\/\\\/www.lasvermudas.com\\\/en\\\/product\\\/vermut-caliente-de-las-vermudas\\\/#breadcrumb\",\"itemListElement\":[{\"@type\":\"ListItem\",\"position\":1,\"name\":\"Home\",\"item\":\"https:\\\/\\\/www.lasvermudas.com\\\/en\\\/\"},{\"@type\":\"ListItem\",\"position\":2,\"name\":\"Shop\",\"item\":\"https:\\\/\\\/www.lasvermudas.com\\\/?page_id=5467\"},{\"@type\":\"ListItem\",\"position\":3,\"name\":\"Vermut caliente de Las Vermudas\"}]},{\"@type\":\"WebSite\",\"@id\":\"https:\\\/\\\/www.lasvermudas.com\\\/en\\\/#website\",\"url\":\"https:\\\/\\\/www.lasvermudas.com\\\/en\\\/\",\"name\":\"Las Vermudas\",\"description\":\"Vermuter&iacute;as en Barcelona y Experiencias de elaboraci&oacute;n del Vermut\",\"publisher\":{\"@id\":\"https:\\\/\\\/www.lasvermudas.com\\\/en\\\/#organization\"},\"potentialAction\":[{\"@type\":\"SearchAction\",\"target\":{\"@type\":\"EntryPoint\",\"urlTemplate\":\"https:\\\/\\\/www.lasvermudas.com\\\/en\\\/?s={search_term_string}\"},\"query-input\":{\"@type\":\"PropertyValueSpecification\",\"valueRequired\":true,\"valueName\":\"search_term_string\"}}],\"inLanguage\":\"en-US\"},{\"@type\":\"Organization\",\"@id\":\"https:\\\/\\\/www.lasvermudas.com\\\/en\\\/#organization\",\"name\":\"Las Vermudas\",\"url\":\"https:\\\/\\\/www.lasvermudas.com\\\/en\\\/\",\"logo\":{\"@type\":\"ImageObject\",\"inLanguage\":\"en-US\",\"@id\":\"https:\\\/\\\/www.lasvermudas.com\\\/en\\\/#\\\/schema\\\/logo\\\/image\\\/\",\"url\":\"https:\\\/\\\/www.lasvermudas.com\\\/wp-content\\\/uploads\\\/2024\\\/09\\\/Logotype_Las-Vermudas_white-200x44-1.png\",\"contentUrl\":\"https:\\\/\\\/www.lasvermudas.com\\\/wp-content\\\/uploads\\\/2024\\\/09\\\/Logotype_Las-Vermudas_white-200x44-1.png\",\"width\":200,\"height\":44,\"caption\":\"Las Vermudas\"},\"image\":{\"@id\":\"https:\\\/\\\/www.lasvermudas.com\\\/en\\\/#\\\/schema\\\/logo\\\/image\\\/\"}}]}<\/script>\n<!-- \/ Yoast SEO plugin. -->","yoast_head_json":{"title":"Vermut caliente de Las Vermudas - Las Vermudas","robots":{"index":"noindex","follow":"follow"},"og_locale":"en_US","og_type":"article","og_title":"Vermut caliente de Las Vermudas - Las Vermudas","og_description":"\u00bfFr\u00edo? \u00a1Vermut Caliente! Vermut caliente: \u00bfCurioso verdad? El origen del vino caliente remonta al siglo II. Fue creado por los romanos que calentaban vino para defenderse del fr\u00edo invernal. En el d\u00eda de hoy, el vino caliente sigue siendo una tradici\u00f3n navide\u00f1a, renovada por Las Vermudas: nuestro novedoso vermut caliente se prepara con una base de vermut dulce infusionado con especias y almendras. Se sirve, preferentemente, a 60\u00b0 para potenciar sus aromas (y evitar que se evapore el alcohol).  Es una opci\u00f3n ideal para tomar solo, maridar con quesos (especialmente con queso azul), como aperitivo o para servir al final de una comida, con los postres o galletas de jengibre.   Graduaci\u00f3n alcoh\u00f3lica: 15%  Presentaci\u00f3n: Botella de 75cl","og_url":"https:\/\/www.lasvermudas.com\/en\/product\/vermut-caliente-de-las-vermudas\/","og_site_name":"Las Vermudas","article_modified_time":"2024-09-10T22:01:37+00:00","og_image":[{"width":800,"height":800,"url":"https:\/\/www.lasvermudas.com\/wp-content\/uploads\/2024\/09\/Vermut-caliente-de-Las-Vermudas.jpg","type":"image\/jpeg"}],"twitter_card":"summary_large_image","schema":{"@context":"https:\/\/schema.org","@graph":[{"@type":"WebPage","@id":"https:\/\/www.lasvermudas.com\/en\/product\/vermut-caliente-de-las-vermudas\/","url":"https:\/\/www.lasvermudas.com\/en\/product\/vermut-caliente-de-las-vermudas\/","name":"Vermut caliente de Las Vermudas - Las Vermudas","isPartOf":{"@id":"https:\/\/www.lasvermudas.com\/en\/#website"},"primaryImageOfPage":{"@id":"https:\/\/www.lasvermudas.com\/en\/product\/vermut-caliente-de-las-vermudas\/#primaryimage"},"image":{"@id":"https:\/\/www.lasvermudas.com\/en\/product\/vermut-caliente-de-las-vermudas\/#primaryimage"},"thumbnailUrl":"https:\/\/www.lasvermudas.com\/wp-content\/uploads\/2024\/09\/Vermut-caliente-de-Las-Vermudas.jpg","datePublished":"2022-06-27T11:30:32+00:00","dateModified":"2024-09-10T22:01:37+00:00","breadcrumb":{"@id":"https:\/\/www.lasvermudas.com\/en\/product\/vermut-caliente-de-las-vermudas\/#breadcrumb"},"inLanguage":"en-US","potentialAction":[{"@type":"ReadAction","target":["https:\/\/www.lasvermudas.com\/en\/product\/vermut-caliente-de-las-vermudas\/"]}]},{"@type":"ImageObject","inLanguage":"en-US","@id":"https:\/\/www.lasvermudas.com\/en\/product\/vermut-caliente-de-las-vermudas\/#primaryimage","url":"https:\/\/www.lasvermudas.com\/wp-content\/uploads\/2024\/09\/Vermut-caliente-de-Las-Vermudas.jpg","contentUrl":"https:\/\/www.lasvermudas.com\/wp-content\/uploads\/2024\/09\/Vermut-caliente-de-Las-Vermudas.jpg","width":800,"height":800,"caption":"Botella de Vermut caliente de Las Vermudas"},{"@type":"BreadcrumbList","@id":"https:\/\/www.lasvermudas.com\/en\/product\/vermut-caliente-de-las-vermudas\/#breadcrumb","itemListElement":[{"@type":"ListItem","position":1,"name":"Home","item":"https:\/\/www.lasvermudas.com\/en\/"},{"@type":"ListItem","position":2,"name":"Shop","item":"https:\/\/www.lasvermudas.com\/?page_id=5467"},{"@type":"ListItem","position":3,"name":"Vermut caliente de Las Vermudas"}]},{"@type":"WebSite","@id":"https:\/\/www.lasvermudas.com\/en\/#website","url":"https:\/\/www.lasvermudas.com\/en\/","name":"Las Vermudas","description":"Vermuter&iacute;as en Barcelona y Experiencias de elaboraci&oacute;n del Vermut","publisher":{"@id":"https:\/\/www.lasvermudas.com\/en\/#organization"},"potentialAction":[{"@type":"SearchAction","target":{"@type":"EntryPoint","urlTemplate":"https:\/\/www.lasvermudas.com\/en\/?s={search_term_string}"},"query-input":{"@type":"PropertyValueSpecification","valueRequired":true,"valueName":"search_term_string"}}],"inLanguage":"en-US"},{"@type":"Organization","@id":"https:\/\/www.lasvermudas.com\/en\/#organization","name":"Las Vermudas","url":"https:\/\/www.lasvermudas.com\/en\/","logo":{"@type":"ImageObject","inLanguage":"en-US","@id":"https:\/\/www.lasvermudas.com\/en\/#\/schema\/logo\/image\/","url":"https:\/\/www.lasvermudas.com\/wp-content\/uploads\/2024\/09\/Logotype_Las-Vermudas_white-200x44-1.png","contentUrl":"https:\/\/www.lasvermudas.com\/wp-content\/uploads\/2024\/09\/Logotype_Las-Vermudas_white-200x44-1.png","width":200,"height":44,"caption":"Las Vermudas"},"image":{"@id":"https:\/\/www.lasvermudas.com\/en\/#\/schema\/logo\/image\/"}}]}},"_links":{"self":[{"href":"https:\/\/www.lasvermudas.com\/en\/wp-json\/wp\/v2\/product\/266","targetHints":{"allow":["GET"]}}],"collection":[{"href":"https:\/\/www.lasvermudas.com\/en\/wp-json\/wp\/v2\/product"}],"about":[{"href":"https:\/\/www.lasvermudas.com\/en\/wp-json\/wp\/v2\/types\/product"}],"replies":[{"embeddable":true,"href":"https:\/\/www.lasvermudas.com\/en\/wp-json\/wp\/v2\/comments?post=266"}],"wp:featuredmedia":[{"embeddable":true,"href":"https:\/\/www.lasvermudas.com\/en\/wp-json\/wp\/v2\/media\/136053"}],"wp:attachment":[{"href":"https:\/\/www.lasvermudas.com\/en\/wp-json\/wp\/v2\/media?parent=266"}],"wp:term":[{"taxonomy":"product_brand","embeddable":true,"href":"https:\/\/www.lasvermudas.com\/en\/wp-json\/wp\/v2\/product_brand?post=266"},{"taxonomy":"product_cat","embeddable":true,"href":"https:\/\/www.lasvermudas.com\/en\/wp-json\/wp\/v2\/product_cat?post=266"},{"taxonomy":"product_tag","embeddable":true,"href":"https:\/\/www.lasvermudas.com\/en\/wp-json\/wp\/v2\/product_tag?post=266"}],"curies":[{"name":"wp","href":"https:\/\/api.w.org\/{rel}","templated":true}]}}