{"id":269,"date":"2022-06-27T11:51:08","date_gmt":"2022-06-27T11:51:08","guid":{"rendered":"https:\/\/www.dev.gabrielenascimben.it\/lasvermudas\/?post_type=product&#038;p=269"},"modified":"2024-09-17T06:22:01","modified_gmt":"2024-09-17T06:22:01","slug":"las-vermudas-del-sur","status":"publish","type":"product","link":"https:\/\/www.lasvermudas.com\/en\/product\/las-vermudas-del-sur\/","title":{"rendered":"Las Vermudas Del Sur"},"content":{"rendered":"<h3>Exuberante y generoso. Osado e intenso.<\/h3>\n<p>Despu\u00e9s de impresionar con su orgulloso vigor, el Vermut del Sur revela un seductor coraz\u00f3n dulce y aterciopelado.\u2028 Su irresistible y elegante aire bals\u00e1mico despierta recuerdos de clavo, pimienta y canela, fragancias aut\u00f3ctonas del sur de la f\u00e9rtil isla de La Gran Vermuda. Servir fresco y acompa\u00f1ar con sonrisas.<\/p>\n<ul>\n<li><strong>Graduaci\u00f3n alcoh\u00f3lica<\/strong>: 15%<\/li>\n<li><strong>Presentaci\u00f3n<\/strong>: Botella de 1 litro<\/li>\n<\/ul>\n","protected":false},"excerpt":{"rendered":"<h3>Exuberante y generoso. Osado e intenso.<\/h3>\n<p>Despu\u00e9s de impresionar con su orgulloso vigor, el Vermut del Sur revela un seductor coraz\u00f3n dulce y aterciopelado.\u2028 Su irresistible y elegante aire bals\u00e1mico despierta recuerdos de clavo, pimienta y canela, fragancias aut\u00f3ctonas del sur de la f\u00e9rtil isla de La Gran Vermuda. Servir fresco y acompa\u00f1ar con sonrisas.<\/p>\n<ul>\n<li><strong>Graduaci\u00f3n alcoh\u00f3lica<\/strong>: 15%<\/li>\n<li><strong>Presentaci\u00f3n<\/strong>: Botella de 1 litro<\/li>\n<\/ul>\n","protected":false},"featured_media":136054,"comment_status":"open","ping_status":"closed","template":"","meta":[],"product_brand":[],"product_cat":[151],"product_tag":[],"class_list":{"0":"post-269","1":"product","2":"type-product","3":"status-publish","4":"has-post-thumbnail","6":"product_cat-vermut","7":"description-off","9":"first","10":"instock","11":"shipping-taxable","12":"purchasable","13":"product-type-simple"},"acf":[],"yoast_head":"<!-- This site is optimized with the Yoast SEO plugin v27.3 - https:\/\/yoast.com\/product\/yoast-seo-wordpress\/ -->\n<title>Las Vermudas Del Sur - Las Vermudas<\/title>\n<meta name=\"robots\" content=\"noindex, follow\" \/>\n<meta property=\"og:locale\" content=\"en_US\" \/>\n<meta property=\"og:type\" content=\"article\" \/>\n<meta property=\"og:title\" content=\"Las Vermudas Del Sur - Las Vermudas\" \/>\n<meta property=\"og:description\" content=\"Exuberante y generoso. Osado e intenso. Despu\u00e9s de impresionar con su orgulloso vigor, el Vermut del Sur revela un seductor coraz\u00f3n dulce y aterciopelado.\u2028 Su irresistible y elegante aire bals\u00e1mico despierta recuerdos de clavo, pimienta y canela, fragancias aut\u00f3ctonas del sur de la f\u00e9rtil isla de La Gran Vermuda. Servir fresco y acompa\u00f1ar con sonrisas.   Graduaci\u00f3n alcoh\u00f3lica: 15%  Presentaci\u00f3n: Botella de 1 litro\" \/>\n<meta property=\"og:url\" content=\"https:\/\/www.lasvermudas.com\/en\/product\/las-vermudas-del-sur\/\" \/>\n<meta property=\"og:site_name\" content=\"Las Vermudas\" \/>\n<meta property=\"article:modified_time\" content=\"2024-09-17T06:22:01+00:00\" \/>\n<meta property=\"og:image\" content=\"https:\/\/www.lasvermudas.com\/wp-content\/uploads\/2024\/09\/Vermut-Las-Vermudas-Del-Sur.jpg\" \/>\n\t<meta property=\"og:image:width\" content=\"600\" \/>\n\t<meta property=\"og:image:height\" content=\"600\" \/>\n\t<meta property=\"og:image:type\" content=\"image\/jpeg\" \/>\n<meta name=\"twitter:card\" content=\"summary_large_image\" \/>\n<script type=\"application\/ld+json\" class=\"yoast-schema-graph\">{\"@context\":\"https:\\\/\\\/schema.org\",\"@graph\":[{\"@type\":\"WebPage\",\"@id\":\"https:\\\/\\\/www.lasvermudas.com\\\/en\\\/product\\\/las-vermudas-del-sur\\\/\",\"url\":\"https:\\\/\\\/www.lasvermudas.com\\\/en\\\/product\\\/las-vermudas-del-sur\\\/\",\"name\":\"Las Vermudas Del Sur - Las Vermudas\",\"isPartOf\":{\"@id\":\"https:\\\/\\\/www.lasvermudas.com\\\/en\\\/#website\"},\"primaryImageOfPage\":{\"@id\":\"https:\\\/\\\/www.lasvermudas.com\\\/en\\\/product\\\/las-vermudas-del-sur\\\/#primaryimage\"},\"image\":{\"@id\":\"https:\\\/\\\/www.lasvermudas.com\\\/en\\\/product\\\/las-vermudas-del-sur\\\/#primaryimage\"},\"thumbnailUrl\":\"https:\\\/\\\/www.lasvermudas.com\\\/wp-content\\\/uploads\\\/2024\\\/09\\\/Vermut-Las-Vermudas-Del-Sur.jpg\",\"datePublished\":\"2022-06-27T11:51:08+00:00\",\"dateModified\":\"2024-09-17T06:22:01+00:00\",\"breadcrumb\":{\"@id\":\"https:\\\/\\\/www.lasvermudas.com\\\/en\\\/product\\\/las-vermudas-del-sur\\\/#breadcrumb\"},\"inLanguage\":\"en-US\",\"potentialAction\":[{\"@type\":\"ReadAction\",\"target\":[\"https:\\\/\\\/www.lasvermudas.com\\\/en\\\/product\\\/las-vermudas-del-sur\\\/\"]}]},{\"@type\":\"ImageObject\",\"inLanguage\":\"en-US\",\"@id\":\"https:\\\/\\\/www.lasvermudas.com\\\/en\\\/product\\\/las-vermudas-del-sur\\\/#primaryimage\",\"url\":\"https:\\\/\\\/www.lasvermudas.com\\\/wp-content\\\/uploads\\\/2024\\\/09\\\/Vermut-Las-Vermudas-Del-Sur.jpg\",\"contentUrl\":\"https:\\\/\\\/www.lasvermudas.com\\\/wp-content\\\/uploads\\\/2024\\\/09\\\/Vermut-Las-Vermudas-Del-Sur.jpg\",\"width\":600,\"height\":600,\"caption\":\"Vermut Las Vermudas Del Sur\"},{\"@type\":\"BreadcrumbList\",\"@id\":\"https:\\\/\\\/www.lasvermudas.com\\\/en\\\/product\\\/las-vermudas-del-sur\\\/#breadcrumb\",\"itemListElement\":[{\"@type\":\"ListItem\",\"position\":1,\"name\":\"Home\",\"item\":\"https:\\\/\\\/www.lasvermudas.com\\\/en\\\/\"},{\"@type\":\"ListItem\",\"position\":2,\"name\":\"Shop\",\"item\":\"https:\\\/\\\/www.lasvermudas.com\\\/?page_id=5467\"},{\"@type\":\"ListItem\",\"position\":3,\"name\":\"Las Vermudas Del Sur\"}]},{\"@type\":\"WebSite\",\"@id\":\"https:\\\/\\\/www.lasvermudas.com\\\/en\\\/#website\",\"url\":\"https:\\\/\\\/www.lasvermudas.com\\\/en\\\/\",\"name\":\"Las Vermudas\",\"description\":\"Vermuter&iacute;as en Barcelona y Experiencias de elaboraci&oacute;n del Vermut\",\"publisher\":{\"@id\":\"https:\\\/\\\/www.lasvermudas.com\\\/en\\\/#organization\"},\"potentialAction\":[{\"@type\":\"SearchAction\",\"target\":{\"@type\":\"EntryPoint\",\"urlTemplate\":\"https:\\\/\\\/www.lasvermudas.com\\\/en\\\/?s={search_term_string}\"},\"query-input\":{\"@type\":\"PropertyValueSpecification\",\"valueRequired\":true,\"valueName\":\"search_term_string\"}}],\"inLanguage\":\"en-US\"},{\"@type\":\"Organization\",\"@id\":\"https:\\\/\\\/www.lasvermudas.com\\\/en\\\/#organization\",\"name\":\"Las Vermudas\",\"url\":\"https:\\\/\\\/www.lasvermudas.com\\\/en\\\/\",\"logo\":{\"@type\":\"ImageObject\",\"inLanguage\":\"en-US\",\"@id\":\"https:\\\/\\\/www.lasvermudas.com\\\/en\\\/#\\\/schema\\\/logo\\\/image\\\/\",\"url\":\"https:\\\/\\\/www.lasvermudas.com\\\/wp-content\\\/uploads\\\/2024\\\/09\\\/Logotype_Las-Vermudas_white-200x44-1.png\",\"contentUrl\":\"https:\\\/\\\/www.lasvermudas.com\\\/wp-content\\\/uploads\\\/2024\\\/09\\\/Logotype_Las-Vermudas_white-200x44-1.png\",\"width\":200,\"height\":44,\"caption\":\"Las Vermudas\"},\"image\":{\"@id\":\"https:\\\/\\\/www.lasvermudas.com\\\/en\\\/#\\\/schema\\\/logo\\\/image\\\/\"}}]}<\/script>\n<!-- \/ Yoast SEO plugin. -->","yoast_head_json":{"title":"Las Vermudas Del Sur - Las Vermudas","robots":{"index":"noindex","follow":"follow"},"og_locale":"en_US","og_type":"article","og_title":"Las Vermudas Del Sur - Las Vermudas","og_description":"Exuberante y generoso. Osado e intenso. Despu\u00e9s de impresionar con su orgulloso vigor, el Vermut del Sur revela un seductor coraz\u00f3n dulce y aterciopelado.\u2028 Su irresistible y elegante aire bals\u00e1mico despierta recuerdos de clavo, pimienta y canela, fragancias aut\u00f3ctonas del sur de la f\u00e9rtil isla de La Gran Vermuda. Servir fresco y acompa\u00f1ar con sonrisas.   Graduaci\u00f3n alcoh\u00f3lica: 15%  Presentaci\u00f3n: Botella de 1 litro","og_url":"https:\/\/www.lasvermudas.com\/en\/product\/las-vermudas-del-sur\/","og_site_name":"Las Vermudas","article_modified_time":"2024-09-17T06:22:01+00:00","og_image":[{"width":600,"height":600,"url":"https:\/\/www.lasvermudas.com\/wp-content\/uploads\/2024\/09\/Vermut-Las-Vermudas-Del-Sur.jpg","type":"image\/jpeg"}],"twitter_card":"summary_large_image","schema":{"@context":"https:\/\/schema.org","@graph":[{"@type":"WebPage","@id":"https:\/\/www.lasvermudas.com\/en\/product\/las-vermudas-del-sur\/","url":"https:\/\/www.lasvermudas.com\/en\/product\/las-vermudas-del-sur\/","name":"Las Vermudas Del Sur - Las Vermudas","isPartOf":{"@id":"https:\/\/www.lasvermudas.com\/en\/#website"},"primaryImageOfPage":{"@id":"https:\/\/www.lasvermudas.com\/en\/product\/las-vermudas-del-sur\/#primaryimage"},"image":{"@id":"https:\/\/www.lasvermudas.com\/en\/product\/las-vermudas-del-sur\/#primaryimage"},"thumbnailUrl":"https:\/\/www.lasvermudas.com\/wp-content\/uploads\/2024\/09\/Vermut-Las-Vermudas-Del-Sur.jpg","datePublished":"2022-06-27T11:51:08+00:00","dateModified":"2024-09-17T06:22:01+00:00","breadcrumb":{"@id":"https:\/\/www.lasvermudas.com\/en\/product\/las-vermudas-del-sur\/#breadcrumb"},"inLanguage":"en-US","potentialAction":[{"@type":"ReadAction","target":["https:\/\/www.lasvermudas.com\/en\/product\/las-vermudas-del-sur\/"]}]},{"@type":"ImageObject","inLanguage":"en-US","@id":"https:\/\/www.lasvermudas.com\/en\/product\/las-vermudas-del-sur\/#primaryimage","url":"https:\/\/www.lasvermudas.com\/wp-content\/uploads\/2024\/09\/Vermut-Las-Vermudas-Del-Sur.jpg","contentUrl":"https:\/\/www.lasvermudas.com\/wp-content\/uploads\/2024\/09\/Vermut-Las-Vermudas-Del-Sur.jpg","width":600,"height":600,"caption":"Vermut Las Vermudas Del Sur"},{"@type":"BreadcrumbList","@id":"https:\/\/www.lasvermudas.com\/en\/product\/las-vermudas-del-sur\/#breadcrumb","itemListElement":[{"@type":"ListItem","position":1,"name":"Home","item":"https:\/\/www.lasvermudas.com\/en\/"},{"@type":"ListItem","position":2,"name":"Shop","item":"https:\/\/www.lasvermudas.com\/?page_id=5467"},{"@type":"ListItem","position":3,"name":"Las Vermudas Del Sur"}]},{"@type":"WebSite","@id":"https:\/\/www.lasvermudas.com\/en\/#website","url":"https:\/\/www.lasvermudas.com\/en\/","name":"Las Vermudas","description":"Vermuter&iacute;as en Barcelona y Experiencias de elaboraci&oacute;n del Vermut","publisher":{"@id":"https:\/\/www.lasvermudas.com\/en\/#organization"},"potentialAction":[{"@type":"SearchAction","target":{"@type":"EntryPoint","urlTemplate":"https:\/\/www.lasvermudas.com\/en\/?s={search_term_string}"},"query-input":{"@type":"PropertyValueSpecification","valueRequired":true,"valueName":"search_term_string"}}],"inLanguage":"en-US"},{"@type":"Organization","@id":"https:\/\/www.lasvermudas.com\/en\/#organization","name":"Las Vermudas","url":"https:\/\/www.lasvermudas.com\/en\/","logo":{"@type":"ImageObject","inLanguage":"en-US","@id":"https:\/\/www.lasvermudas.com\/en\/#\/schema\/logo\/image\/","url":"https:\/\/www.lasvermudas.com\/wp-content\/uploads\/2024\/09\/Logotype_Las-Vermudas_white-200x44-1.png","contentUrl":"https:\/\/www.lasvermudas.com\/wp-content\/uploads\/2024\/09\/Logotype_Las-Vermudas_white-200x44-1.png","width":200,"height":44,"caption":"Las Vermudas"},"image":{"@id":"https:\/\/www.lasvermudas.com\/en\/#\/schema\/logo\/image\/"}}]}},"_links":{"self":[{"href":"https:\/\/www.lasvermudas.com\/en\/wp-json\/wp\/v2\/product\/269","targetHints":{"allow":["GET"]}}],"collection":[{"href":"https:\/\/www.lasvermudas.com\/en\/wp-json\/wp\/v2\/product"}],"about":[{"href":"https:\/\/www.lasvermudas.com\/en\/wp-json\/wp\/v2\/types\/product"}],"replies":[{"embeddable":true,"href":"https:\/\/www.lasvermudas.com\/en\/wp-json\/wp\/v2\/comments?post=269"}],"wp:featuredmedia":[{"embeddable":true,"href":"https:\/\/www.lasvermudas.com\/en\/wp-json\/wp\/v2\/media\/136054"}],"wp:attachment":[{"href":"https:\/\/www.lasvermudas.com\/en\/wp-json\/wp\/v2\/media?parent=269"}],"wp:term":[{"taxonomy":"product_brand","embeddable":true,"href":"https:\/\/www.lasvermudas.com\/en\/wp-json\/wp\/v2\/product_brand?post=269"},{"taxonomy":"product_cat","embeddable":true,"href":"https:\/\/www.lasvermudas.com\/en\/wp-json\/wp\/v2\/product_cat?post=269"},{"taxonomy":"product_tag","embeddable":true,"href":"https:\/\/www.lasvermudas.com\/en\/wp-json\/wp\/v2\/product_tag?post=269"}],"curies":[{"name":"wp","href":"https:\/\/api.w.org\/{rel}","templated":true}]}}